{"id":7516,"date":"2023-02-13T22:35:07","date_gmt":"2023-02-13T22:35:07","guid":{"rendered":"https:\/\/leroux.qodeinteractive.com\/?page_id=7516"},"modified":"2025-11-21T11:43:36","modified_gmt":"2025-11-21T14:43:36","slug":"nuestro-estudio","status":"publish","type":"page","link":"https:\/\/kouroycia.cl\/index.php\/nuestro-estudio\/","title":{"rendered":"Nuestro Estudio"},"content":{"rendered":"\t\t<div data-elementor-type=\"wp-page\" data-elementor-id=\"7516\" class=\"elementor elementor-7516\">\n\t\t\t\t\t\t\t\t\t<section class=\"elementor-section elementor-top-section elementor-element elementor-element-418c0cf elementor-section-full_width elementor-reverse-mobile elementor-section-height-default elementor-section-height-default\" data-id=\"418c0cf\" data-element_type=\"section\" data-settings=\"{&quot;background_background&quot;:&quot;classic&quot;}\">\n\t\t\t\t\t\t<div class=\"elementor-container elementor-column-gap-no\">\n\t\t\t\t\t<div class=\"elementor-column elementor-col-50 elementor-top-column elementor-element elementor-element-eb29b83\" data-id=\"eb29b83\" data-element_type=\"column\" data-settings=\"{&quot;background_background&quot;:&quot;classic&quot;}\">\n\t\t\t<div class=\"elementor-widget-wrap\">\n\t\t\t\t\t\t\t\t\t<\/div>\n\t\t<\/div>\n\t\t\t\t<div class=\"elementor-column elementor-col-50 elementor-top-column elementor-element elementor-element-b63dc00\" data-id=\"b63dc00\" data-element_type=\"column\">\n\t\t\t<div class=\"elementor-widget-wrap elementor-element-populated\">\n\t\t\t\t\t\t\t\t<div class=\"elementor-element elementor-element-5098425 elementor-widget elementor-widget-spacer\" data-id=\"5098425\" data-element_type=\"widget\" data-widget_type=\"spacer.default\">\n\t\t\t\t<div class=\"elementor-widget-container\">\n\t\t\t<style>\/*! elementor - v3.17.0 - 08-11-2023 *\/\n.elementor-column .elementor-spacer-inner{height:var(--spacer-size)}.e-con{--container-widget-width:100%}.e-con-inner>.elementor-widget-spacer,.e-con>.elementor-widget-spacer{width:var(--container-widget-width,var(--spacer-size));--align-self:var(--container-widget-align-self,initial);--flex-shrink:0}.e-con-inner>.elementor-widget-spacer>.elementor-widget-container,.e-con>.elementor-widget-spacer>.elementor-widget-container{height:100%;width:100%}.e-con-inner>.elementor-widget-spacer>.elementor-widget-container>.elementor-spacer,.e-con>.elementor-widget-spacer>.elementor-widget-container>.elementor-spacer{height:100%}.e-con-inner>.elementor-widget-spacer>.elementor-widget-container>.elementor-spacer>.elementor-spacer-inner,.e-con>.elementor-widget-spacer>.elementor-widget-container>.elementor-spacer>.elementor-spacer-inner{height:var(--container-widget-height,var(--spacer-size))}.e-con-inner>.elementor-widget-spacer.elementor-widget-empty,.e-con>.elementor-widget-spacer.elementor-widget-empty{position:relative;min-height:22px;min-width:22px}.e-con-inner>.elementor-widget-spacer.elementor-widget-empty .elementor-widget-empty-icon,.e-con>.elementor-widget-spacer.elementor-widget-empty .elementor-widget-empty-icon{position:absolute;top:0;bottom:0;left:0;right:0;margin:auto;padding:0;width:22px;height:22px}<\/style>\t\t<div class=\"elementor-spacer\">\n\t\t\t<div class=\"elementor-spacer-inner\"><\/div>\n\t\t<\/div>\n\t\t\t\t<\/div>\n\t\t\t\t<\/div>\n\t\t\t\t\t<\/div>\n\t\t<\/div>\n\t\t\t\t\t\t\t<\/div>\n\t\t<\/section>\n\t\t\t\t<section class=\"elementor-section elementor-top-section elementor-element elementor-element-73d1c9a elementor-section-full_width qodef-elementor-content-grid elementor-section-height-default elementor-section-height-default\" data-id=\"73d1c9a\" data-element_type=\"section\">\n\t\t\t\t\t\t<div class=\"elementor-container elementor-column-gap-no\">\n\t\t\t\t\t<div class=\"elementor-column elementor-col-50 elementor-top-column elementor-element elementor-element-31985ad\" data-id=\"31985ad\" data-element_type=\"column\">\n\t\t\t<div class=\"elementor-widget-wrap elementor-element-populated\">\n\t\t\t\t\t\t\t\t<div class=\"elementor-element elementor-element-5c438b4 elementor-widget elementor-widget-leroux_core_section_title\" data-id=\"5c438b4\" data-element_type=\"widget\" data-widget_type=\"leroux_core_section_title.default\">\n\t\t\t\t<div class=\"elementor-widget-container\">\n\t\t\t<div class=\"qodef-shortcode qodef-m  qodef-section-title qodef-alignment--left \">\n\t\t<h2 class=\"qodef-m-title\" >\n\t\t\t\t\tQuienes Somos\t\t\t<\/h2>\n\t<\/div>\n\t\t<\/div>\n\t\t\t\t<\/div>\n\t\t\t\t<div class=\"elementor-element elementor-element-8e164c4 elementor-widget elementor-widget-text-editor\" data-id=\"8e164c4\" data-element_type=\"widget\" data-widget_type=\"text-editor.default\">\n\t\t\t\t<div class=\"elementor-widget-container\">\n\t\t\t<style>\/*! elementor - v3.17.0 - 08-11-2023 *\/\n.elementor-widget-text-editor.elementor-drop-cap-view-stacked .elementor-drop-cap{background-color:#69727d;color:#fff}.elementor-widget-text-editor.elementor-drop-cap-view-framed .elementor-drop-cap{color:#69727d;border:3px solid;background-color:transparent}.elementor-widget-text-editor:not(.elementor-drop-cap-view-default) .elementor-drop-cap{margin-top:8px}.elementor-widget-text-editor:not(.elementor-drop-cap-view-default) .elementor-drop-cap-letter{width:1em;height:1em}.elementor-widget-text-editor .elementor-drop-cap{float:left;text-align:center;line-height:1;font-size:50px}.elementor-widget-text-editor .elementor-drop-cap-letter{display:inline-block}<\/style>\t\t\t\t<p>Kouro &amp; C\u00eda es <\/p>\t\t\t\t\t\t<\/div>\n\t\t\t\t<\/div>\n\t\t\t\t\t<\/div>\n\t\t<\/div>\n\t\t\t\t<div class=\"elementor-column elementor-col-50 elementor-top-column elementor-element elementor-element-d78ca84 elementor-hidden-tablet elementor-hidden-mobile\" data-id=\"d78ca84\" data-element_type=\"column\">\n\t\t\t<div class=\"elementor-widget-wrap\">\n\t\t\t\t\t\t\t\t\t<\/div>\n\t\t<\/div>\n\t\t\t\t\t\t\t<\/div>\n\t\t<\/section>\n\t\t\t\t<section class=\"elementor-section elementor-top-section elementor-element elementor-element-fdbcf05 elementor-section-full_width qodef-elementor-content-grid elementor-section-height-default elementor-section-height-default\" data-id=\"fdbcf05\" data-element_type=\"section\">\n\t\t\t\t\t\t<div class=\"elementor-container elementor-column-gap-no\">\n\t\t\t\t\t<div class=\"elementor-column elementor-col-100 elementor-top-column elementor-element elementor-element-45f143f\" data-id=\"45f143f\" data-element_type=\"column\">\n\t\t\t<div class=\"elementor-widget-wrap elementor-element-populated\">\n\t\t\t\t\t\t\t\t<div class=\"elementor-element elementor-element-0128911 elementor-widget elementor-widget-heading\" data-id=\"0128911\" data-element_type=\"widget\" data-widget_type=\"heading.default\">\n\t\t\t\t<div class=\"elementor-widget-container\">\n\t\t\t<style>\/*! elementor - v3.17.0 - 08-11-2023 *\/\n.elementor-heading-title{padding:0;margin:0;line-height:1}.elementor-widget-heading .elementor-heading-title[class*=elementor-size-]>a{color:inherit;font-size:inherit;line-height:inherit}.elementor-widget-heading .elementor-heading-title.elementor-size-small{font-size:15px}.elementor-widget-heading .elementor-heading-title.elementor-size-medium{font-size:19px}.elementor-widget-heading .elementor-heading-title.elementor-size-large{font-size:29px}.elementor-widget-heading .elementor-heading-title.elementor-size-xl{font-size:39px}.elementor-widget-heading .elementor-heading-title.elementor-size-xxl{font-size:59px}<\/style><h2 class=\"elementor-heading-title elementor-size-default\">El abogado Socio y Fundador<\/h2>\t\t<\/div>\n\t\t\t\t<\/div>\n\t\t\t\t<div class=\"elementor-element elementor-element-70c0bff elementor-widget elementor-widget-image\" data-id=\"70c0bff\" data-element_type=\"widget\" data-widget_type=\"image.default\">\n\t\t\t\t<div class=\"elementor-widget-container\">\n\t\t\t<style>\/*! elementor - v3.17.0 - 08-11-2023 *\/\n.elementor-widget-image{text-align:center}.elementor-widget-image a{display:inline-block}.elementor-widget-image a img[src$=\".svg\"]{width:48px}.elementor-widget-image img{vertical-align:middle;display:inline-block}<\/style>\t\t\t\t\t\t\t\t\t\t\t\t<img decoding=\"async\" src=\"https:\/\/kouroycia.cl\/wp-content\/uploads\/elementor\/thumbs\/a2-scaled-qgglhp0dcvxrqf30cg8xuc2ymoenw8uqt1d6bu4g3u.webp\" title=\"\" alt=\"\" loading=\"lazy\" \/>\t\t\t\t\t\t\t\t\t\t\t\t\t\t\t<\/div>\n\t\t\t\t<\/div>\n\t\t\t\t<div class=\"elementor-element elementor-element-e4d0c42 elementor-widget elementor-widget-text-editor\" data-id=\"e4d0c42\" data-element_type=\"widget\" data-widget_type=\"text-editor.default\">\n\t\t\t\t<div class=\"elementor-widget-container\">\n\t\t\t\t\t\t\t<p>El abogado socio y fundador Yak Kouro Parali, es un abogado Titulado de la Universidad Cat\u00f3lica de Temuco con dos <b>votos de distincion<\/b>, caracteriz\u00e1ndose por su excelente desempe\u00f1o en las \u00e1reas de Derecho Comercial I y II, y Derecho Tributario y Justicia Tributaria en los cuales participo como asistente de los docentes en su <i>alma mater<\/i>.<\/p>\n\n<p>Que en el af\u00e1n constante del abogado fundador de aprender y entregar un servicio de mayor calidad a sus cliente se ha desempe\u00f1ado de manera sobresaliente en los siguientes t\u00edtulos acad\u00e9micos:<\/p>\n<ul>\n \t<li>Diplomados tanto de Litigaci\u00f3n Estrat\u00e9gica de la Universidad Alberto Hurtado<\/li>\n \t<li>Diplomado en Litigaci\u00f3n Tributaria de La Universidad Adolfo Ib\u00e1\u00f1ez<\/li>\n \t<li>Derecho Investigador Ley Karin, en la academia del Trabajo<\/li>\n \t<li>Diplomado en derecho Concursal en procedimientos de Renegociaci\u00f3n,\nReorganizaci\u00f3n, y Liquidaci\u00f3n de personas y empresas (Quiebras) de la\nPontificia Universidad Cat\u00f3lica de Santiago<\/li>\n \t<li>Magister en Litigaci\u00f3n y fiscalizaci\u00f3n tributaria y aduanera de la\nUniversidad Adolfo Ib\u00e1\u00f1ez<\/li>\n<\/ul>\t\t\t\t\t\t<\/div>\n\t\t\t\t<\/div>\n\t\t\t\t<div class=\"elementor-element elementor-element-11f8e3a elementor-widget elementor-widget-heading\" data-id=\"11f8e3a\" data-element_type=\"widget\" data-widget_type=\"heading.default\">\n\t\t\t\t<div class=\"elementor-widget-container\">\n\t\t\t<h4 class=\"elementor-heading-title elementor-size-default\">Kouro & C\u00eda<\/h4>\t\t<\/div>\n\t\t\t\t<\/div>\n\t\t\t\t<div class=\"elementor-element elementor-element-35126c7 elementor-widget elementor-widget-text-editor\" data-id=\"35126c7\" data-element_type=\"widget\" data-widget_type=\"text-editor.default\">\n\t\t\t\t<div class=\"elementor-widget-container\">\n\t\t\t\t\t\t\t<p>Actualmente su estudio jur\u00eddico denominado Kouro y Cia, en los \u00faltimos 10 a\u00f1os, participado en la representaci\u00f3n y defensa de m\u00e1s de 1000 clientes, con un 95% de sentencias favorables, en los procesos de defensa a deudores, trabajadores y\/o empleadores entre otros clientes, participando en la representaci\u00f3n de diferente empresas tanto nacionales como internacionales como los es COPEC S.A.<\/p><p>El abogado socio y fundador Yak Kouro Parali, con una gran trayectoria en el \u00e1rea laboral tanto como ex funcionario del Juzgado del Trabajo, como socio fundador de Kouro y Cia ha participado en la representaci\u00f3n de diferentes empresas y trabajadores en la asesor\u00edas y orientaci\u00f3n en Demandas por Despidos Injustificados, Despidos Indirectos, Demandas de Nulidad del Despido, Acoso Laboral, Derecho Fundamental de los Trabajadores y Garant\u00eda de indemnidad entre otros, siendo reconocido como uno de los mejores de la Regi\u00f3n.<\/p>\t\t\t\t\t\t<\/div>\n\t\t\t\t<\/div>\n\t\t\t\t<div class=\"elementor-element elementor-element-d10e356 elementor-widget elementor-widget-heading\" data-id=\"d10e356\" data-element_type=\"widget\" data-widget_type=\"heading.default\">\n\t\t\t\t<div class=\"elementor-widget-container\">\n\t\t\t<h3 class=\"elementor-heading-title elementor-size-default\">Kouro y Compa\u00f1ia<\/h3>\t\t<\/div>\n\t\t\t\t<\/div>\n\t\t\t\t<div class=\"elementor-element elementor-element-a1df7ba elementor-widget elementor-widget-image-carousel\" data-id=\"a1df7ba\" data-element_type=\"widget\" data-settings=\"{&quot;slides_to_show&quot;:&quot;2&quot;,&quot;slides_to_scroll&quot;:&quot;1&quot;,&quot;navigation&quot;:&quot;none&quot;,&quot;autoplay&quot;:&quot;no&quot;,&quot;infinite&quot;:&quot;no&quot;,&quot;speed&quot;:500}\" data-widget_type=\"image-carousel.default\">\n\t\t\t\t<div class=\"elementor-widget-container\">\n\t\t\t<style>\/*! elementor - v3.17.0 - 08-11-2023 *\/\n.elementor-widget-image-carousel .swiper,.elementor-widget-image-carousel .swiper-container{position:static}.elementor-widget-image-carousel .swiper-container .swiper-slide figure,.elementor-widget-image-carousel .swiper .swiper-slide figure{line-height:inherit}.elementor-widget-image-carousel .swiper-slide{text-align:center}.elementor-image-carousel-wrapper:not(.swiper-container-initialized):not(.swiper-initialized) .swiper-slide{max-width:calc(100% \/ var(--e-image-carousel-slides-to-show, 3))}<\/style>\t\t<div class=\"elementor-image-carousel-wrapper swiper\" dir=\"ltr\">\n\t\t\t<div class=\"elementor-image-carousel swiper-wrapper\" aria-live=\"polite\">\n\t\t\t\t\t\t\t\t<div class=\"swiper-slide\" role=\"group\" aria-roledescription=\"slide\" aria-label=\"1 de 2\"><figure class=\"swiper-slide-inner\"><img decoding=\"async\" class=\"swiper-slide-image\" src=\"https:\/\/kouroycia.cl\/wp-content\/uploads\/elementor\/thumbs\/c34eb7-qggl9fzdd8n5tn2givutyf1awx2obw3kc77qoecuqc.jpeg\" alt=\"\" \/><\/figure><\/div><div class=\"swiper-slide\" role=\"group\" aria-roledescription=\"slide\" aria-label=\"2 de 2\"><figure class=\"swiper-slide-inner\"><img decoding=\"async\" class=\"swiper-slide-image\" src=\"https:\/\/kouroycia.cl\/wp-content\/uploads\/elementor\/thumbs\/tiare-r7isspaq7ozmvo26shitgg5ulebw69cvzitk17fogk.webp\" alt=\"\" \/><\/figure><\/div>\t\t\t<\/div>\n\t\t\t\t\t\t\t\n\t\t\t\t\t\t\t\t\t<\/div>\n\t\t\t\t<\/div>\n\t\t\t\t<\/div>\n\t\t\t\t<div class=\"elementor-element elementor-element-0b0d9e2 elementor-widget elementor-widget-text-editor\" data-id=\"0b0d9e2\" data-element_type=\"widget\" data-widget_type=\"text-editor.default\">\n\t\t\t\t<div class=\"elementor-widget-container\">\n\t\t\t\t\t\t\t<p>Solange Diana Cabello y Tiare Sarabia son asociadas del estudio Jur\u00eddico Kouro y Cia, y actualmente parte fundamental de nuestro estudio, debido a su formaci\u00f3n en Ingenier\u00eda en administraci\u00f3n de empresas, se han desempe\u00f1ado en el an\u00e1lisis, contable y financiero de las empresas, participando constantemente en las redacciones de balances, estados de resultados y dem\u00e1s informes necesarios para llevar a cabo un adecuado y diligente proceso de Re-negociaci\u00f3n, Reorganizaci\u00f3n, y Liquidaci\u00f3n de personas y empresas.<\/p>\n<p>Que debido a sus estudios y amplia trayectoria en el \u00e1rea de Recursos Humanos, en las diferentes empresas en las que han trabajado han participado en procesos de negociaci\u00f3n, comparendos de conciliaci\u00f3n laboral e incluso juicios laborales, que les han permitido desarrollar herramientas id\u00f3neas para la labor que actualmente realizan en nuestro Estudio Jur\u00eddico; en la redacci\u00f3n de demandas laborales a trabajadores, defensas laborales a empleadores, e inclusive redacci\u00f3n de contratos de trabajos, cartas de despido entre otros, sujetos a estricta supervisi\u00f3n del abogado fundador y dem\u00e1s asociados del estudio Jur\u00eddico.<\/p>\n\n<p>Finalmente es dable se\u00f1alar que debido a sus estudios y su gran experiencia en el \u00e1rea administrativa han podido mejorar el control y eficiencia de nuestro estudio jur\u00eddico, generando; planificaciones, proyecciones administrativas y de gesti\u00f3n comercial que han fomentado el orden en el trabajo diario y r\u00e1pida respuestas a las necesidades de los clientes acelerando los procesos de producci\u00f3n y fomentando la posibilidad de trabajar un gran n\u00famero de causas en tiempos acotados.<\/p>\t\t\t\t\t\t<\/div>\n\t\t\t\t<\/div>\n\t\t\t\t<div class=\"elementor-element elementor-element-346b377 elementor-widget elementor-widget-heading\" data-id=\"346b377\" data-element_type=\"widget\" data-widget_type=\"heading.default\">\n\t\t\t\t<div class=\"elementor-widget-container\">\n\t\t\t<h3 class=\"elementor-heading-title elementor-size-default\">Asociados<\/h3>\t\t<\/div>\n\t\t\t\t<\/div>\n\t\t\t\t<div class=\"elementor-element elementor-element-9a27f0a elementor-widget elementor-widget-image\" data-id=\"9a27f0a\" data-element_type=\"widget\" data-widget_type=\"image.default\">\n\t\t\t\t<div class=\"elementor-widget-container\">\n\t\t\t\t\t\t\t\t\t\t\t\t\t\t\t<img decoding=\"async\" src=\"https:\/\/kouroycia.cl\/wp-content\/uploads\/elementor\/thumbs\/alvaro-cofre-rf1b9heerl4hnk3twoqaplmjw6kjqimvl2svvt9s74.avif\" title=\"\" alt=\"\" loading=\"lazy\" \/>\t\t\t\t\t\t\t\t\t\t\t\t\t\t\t<\/div>\n\t\t\t\t<\/div>\n\t\t\t\t<div class=\"elementor-element elementor-element-7bab9fd elementor-widget elementor-widget-heading\" data-id=\"7bab9fd\" data-element_type=\"widget\" data-widget_type=\"heading.default\">\n\t\t\t\t<div class=\"elementor-widget-container\">\n\t\t\t<h4 class=\"elementor-heading-title elementor-size-default\">Director Asociado<\/h4>\t\t<\/div>\n\t\t\t\t<\/div>\n\t\t\t\t<div class=\"elementor-element elementor-element-4b58b77 elementor-widget elementor-widget-text-editor\" data-id=\"4b58b77\" data-element_type=\"widget\" data-widget_type=\"text-editor.default\">\n\t\t\t\t<div class=\"elementor-widget-container\">\n\t\t\t\t\t\t\t<p>\u00c1lvaro Cofre, es un ingeniero Civil Industria de la Universidad de Santiago de Chile, que cuenta con 29 a\u00f1os de experiencia laboral, amplios conocimientos y experiencia en an\u00e1lisis Tributario de todo tipo de empresas, dise\u00f1o de estrategias y modelos tributarios complejos, planificaci\u00f3n y optimizaci\u00f3n fiscal eficiente tanto a nivel dom\u00e9stico como transfronterizo.<\/p><p>Que en el af\u00e1n constante de aprender y entregar un servicio de mayor calidad a sus cliente se ha desempe\u00f1ado de manera sobresaliente en los siguientes aspectos acad\u00e9micos y profesionales:<\/p><ul><li><strong>Diplomado Tributaci\u00f3n Internacional<\/strong>, de la Universidad de Chile (FEN)<\/li><li><b>Mag\u00edster en Tributaci\u00f3n<\/b>, de la Universidad de Chile<\/li><li><b>Mag\u00edster Litigaci\u00f3n y Fiscalizaci\u00f3n Tributaria<\/b>, Universidad Adolfo Ib\u00e1\u00f1ez<\/li><li><b>Mag\u00edster Administraci\u00f3n y Negocios (MBA)<\/b>, de la Universidad Adolfo Ib\u00e1\u00f1ez<\/li><li><b>Inspector de Cuentas y Auditores Externos (CMF) Comisi\u00f3n Mercado Financiero<\/b> &#8211; Registro N\u00b0 1117<\/li><\/ul><p>A lo largo de su carrera, ha participado principalmente en los siguientes procesos:<\/p><ul><li>Estrategias y Negociaci\u00f3n Fiscal<\/li><li>Compliance y Gesti\u00f3n de Riesgos Tributarios<\/li><li>Convenios de Doble Imposici\u00f3n (CDI)<\/li><li>Impuesto Adicional (IA) e Impuestos Pagados en el Extranjero (IPE)<\/li><li>Precios de Transferencia<\/li><li>Normas Antielusivas (NGA \/ NEA)<\/li><li>Reorganizaciones Empresariales<\/li><li>Litigaci\u00f3n y Controversias Tributarias<\/li><li>Defensa en Fiscalizaciones, Bloqueos y Verificaci\u00f3n de Actividad<\/li><li>Recursos Administrativos (RAV, RAF, RR)<\/li><li>Reclamaciones ante Tribunales Tributarios y Aduaneros (TTA)<\/li><li>Devoluci\u00f3n IVA (Art. 27 bis)<\/li><li>Regularizaci\u00f3n de Patrimonio, Justificaci\u00f3n de Inversiones e Incremento Patrimonial<\/li><li>Tributaci\u00f3n en Herencias y Donaciones<\/li><\/ul>\t\t\t\t\t\t<\/div>\n\t\t\t\t<\/div>\n\t\t\t\t<div class=\"elementor-element elementor-element-1076d3a elementor-widget elementor-widget-image\" data-id=\"1076d3a\" data-element_type=\"widget\" data-widget_type=\"image.default\">\n\t\t\t\t<div class=\"elementor-widget-container\">\n\t\t\t\t\t\t\t\t\t\t\t\t\t\t\t<img decoding=\"async\" src=\"https:\/\/kouroycia.cl\/wp-content\/uploads\/elementor\/thumbs\/luis-torres-rf1bpijbbv2jo4tiam788jzkmrjx0oa2gfd0jpi22o.avif\" title=\"\" alt=\"\" loading=\"lazy\" \/>\t\t\t\t\t\t\t\t\t\t\t\t\t\t\t<\/div>\n\t\t\t\t<\/div>\n\t\t\t\t<div class=\"elementor-element elementor-element-37e444e elementor-widget elementor-widget-heading\" data-id=\"37e444e\" data-element_type=\"widget\" data-widget_type=\"heading.default\">\n\t\t\t\t<div class=\"elementor-widget-container\">\n\t\t\t<h4 class=\"elementor-heading-title elementor-size-default\">Asociado<\/h4>\t\t<\/div>\n\t\t\t\t<\/div>\n\t\t\t\t<div class=\"elementor-element elementor-element-5b36a4a elementor-widget elementor-widget-text-editor\" data-id=\"5b36a4a\" data-element_type=\"widget\" data-widget_type=\"text-editor.default\">\n\t\t\t\t<div class=\"elementor-widget-container\">\n\t\t\t\t\t\t\t<p>Luis Torres del Pino, es contador P\u00fablico y Auditor, que cuenta con mas de 42 a\u00f1os de experiencia asesorando a clientes  con una alta especializaci\u00f3n en materias de estrategias y defensa tributarias frente al Servicio de Impuestos Internos (SII) y reclamaciones tributarias en Tribunales Tributarios y Aduaneros (TTA).<\/p>\n<p>Que en el af\u00e1n constante de aprender y entregar un servicio de mayor calidad a sus cliente se ha desempe\u00f1ado de manera sobresaliente en los siguientes aspectos acad\u00e9micos:<\/p>\n<ul>\n<li><strong>Post\u00edtulo Planificaci\u00f3n Tributaria<\/strong>, de la Universidad del desarrollo<\/li>\n<li><strong>Post\u00edtulo Derecho Tributario<\/strong>, de la Universidad del desarrollo<\/li>\n<li><strong>Diplomado Litigaci\u00f3n y Fiscalizaci\u00f3n Tributaria<\/strong>, de la Universidad Adolfo Ib\u00e1\u00f1ez<\/li>\n<li><strong>Diplomado en Gesti\u00f3n Tributaria<\/strong>, de la Universidad Adolfo Ib\u00e1\u00f1ez.<\/li>\n<li><strong>Magister en Derecho Tributario<\/strong>, de la Universidad Diego Portales<\/li>\n<li><strong>Magister Litigaci\u00f3n y Fiscalizaci\u00f3n Tributaria<\/strong>, de la Universidad Adolfo Ib\u00e1\u00f1ez.<\/li>\n<\/ul>\n<p>A lo largo de su carrera, ha participado principalmente en los siguientes procesos:<\/p>\n<ul>\n<li>Auditor\u00eda Tributaria (Fiscalizaciones del Art\u00edculo 59 del C\u00f3digo Tributario)<\/li>\n<li>Citaciones (Notificaciones del Art\u00edculo 63 del C\u00f3digo Tributario)<\/li>\n<li>Liquidaciones y Giros de Impuestos<\/li>\n<li>Justificaci\u00f3n de Inversiones<\/li>\n<li>Nulidad por Falta de Emplazamiento y Fundamentos<\/li>\n<li>Prescripci\u00f3n de la Acci\u00f3n Fiscalizadora<\/li>\n<li>Reposici\u00f3n Administrativa Voluntaria (RAF)<\/li>\n<li>Nulidad y Prescripci\u00f3n de la acci\u00f3n de cobro ante la Tesorer\u00eda General de la Rep\u00fablica (TGR).<\/li>\n<\/ul>\t\t\t\t\t\t<\/div>\n\t\t\t\t<\/div>\n\t\t\t\t\t<\/div>\n\t\t<\/div>\n\t\t\t\t\t\t\t<\/div>\n\t\t<\/section>\n\t\t\t\t\t\t\t<\/div>\n\t\t","protected":false},"excerpt":{"rendered":"<p>Quienes Somos Kouro &amp; C\u00eda es El abogado Socio y Fundador El abogado socio y fundador Yak Kouro Parali, es un abogado Titulado de la Universidad Cat\u00f3lica de Temuco con dos votos de distincion, caracteriz\u00e1ndose por su excelente desempe\u00f1o en las \u00e1reas de Derecho Comercial I y II, y Derecho Tributario y Justicia Tributaria en [&hellip;]<\/p>\n","protected":false},"author":1,"featured_media":0,"parent":0,"menu_order":0,"comment_status":"closed","ping_status":"closed","template":"page-full-width.php","meta":{"om_disable_all_campaigns":false,"_monsterinsights_skip_tracking":false,"_monsterinsights_sitenote_active":false,"_monsterinsights_sitenote_note":"","_monsterinsights_sitenote_category":0,"footnotes":""},"class_list":["post-7516","page","type-page","status-publish","hentry"],"aioseo_notices":[],"jetpack_sharing_enabled":true,"_links":{"self":[{"href":"https:\/\/kouroycia.cl\/index.php\/wp-json\/wp\/v2\/pages\/7516","targetHints":{"allow":["GET"]}}],"collection":[{"href":"https:\/\/kouroycia.cl\/index.php\/wp-json\/wp\/v2\/pages"}],"about":[{"href":"https:\/\/kouroycia.cl\/index.php\/wp-json\/wp\/v2\/types\/page"}],"author":[{"embeddable":true,"href":"https:\/\/kouroycia.cl\/index.php\/wp-json\/wp\/v2\/users\/1"}],"replies":[{"embeddable":true,"href":"https:\/\/kouroycia.cl\/index.php\/wp-json\/wp\/v2\/comments?post=7516"}],"version-history":[{"count":43,"href":"https:\/\/kouroycia.cl\/index.php\/wp-json\/wp\/v2\/pages\/7516\/revisions"}],"predecessor-version":[{"id":11583,"href":"https:\/\/kouroycia.cl\/index.php\/wp-json\/wp\/v2\/pages\/7516\/revisions\/11583"}],"wp:attachment":[{"href":"https:\/\/kouroycia.cl\/index.php\/wp-json\/wp\/v2\/media?parent=7516"}],"curies":[{"name":"wp","href":"https:\/\/api.w.org\/{rel}","templated":true}]}}